{"id":1019,"date":"2017-06-11T18:21:04","date_gmt":"2017-06-11T16:21:04","guid":{"rendered":"http:\/\/nyitvatar.hu\/letavertes\/?page_id=1019"},"modified":"2019-05-14T17:04:03","modified_gmt":"2019-05-14T17:04:03","slug":"kapcsolat","status":"publish","type":"page","link":"https:\/\/nyitvatar.hu\/letavertes\/kapcsolat\/","title":{"rendered":"Kapcsolat"},"content":{"rendered":"<div class=\"kapcsolat-oldal-row\">\n<div class=\"kapcsolat-column\">Minden inform\u00e1ci\u00f3t \u00f6r\u00f6mmel v\u00e1runk \u00fczenetben, vagy a <strong><a href=\"tel:+3652250289\">(52) 250-289<\/a><\/strong> telefonsz\u00e1mon!<br \/>\nAz &#8222;\u00dczenet&#8221; r\u00e9szben okvetlen\u00fcl t\u00fcntesd fel, melyik \u00fczlettel\/szolg\u00e1ltat\u00f3val stb. kapcsolatban \u00edrsz!<\/div>\n<div class=\"kapcsolat-column\">\n<div class=\"wpcf7 no-js\" id=\"wpcf7-f272-o1\" lang=\"hu-HU\" dir=\"ltr\">\n<div class=\"screen-reader-response\"><p role=\"status\" aria-live=\"polite\" aria-atomic=\"true\"><\/p> <ul><\/ul><\/div>\n<form action=\"\/letavertes\/wp-json\/wp\/v2\/pages\/1019#wpcf7-f272-o1\" method=\"post\" class=\"wpcf7-form init\" aria-label=\"Kapcsolatfelv\u00e9teli \u0171rlap\" novalidate=\"novalidate\" data-status=\"init\">\n<div style=\"display: none;\">\n<input type=\"hidden\" name=\"_wpcf7\" value=\"272\" \/>\n<input type=\"hidden\" name=\"_wpcf7_version\" value=\"5.7.6\" \/>\n<input type=\"hidden\" name=\"_wpcf7_locale\" value=\"hu_HU\" \/>\n<input type=\"hidden\" name=\"_wpcf7_unit_tag\" value=\"wpcf7-f272-o1\" \/>\n<input type=\"hidden\" name=\"_wpcf7_container_post\" value=\"0\" \/>\n<input type=\"hidden\" name=\"_wpcf7_posted_data_hash\" value=\"\" \/>\n<\/div>\n<p><label> N\u00e9v*<br \/>\n<span class=\"wpcf7-form-control-wrap\" data-name=\"your-name\"><input size=\"40\" class=\"wpcf7-form-control wpcf7-text wpcf7-validates-as-required\" aria-required=\"true\" aria-invalid=\"false\" value=\"\" type=\"text\" name=\"your-name\" \/><\/span> <\/label>\n<\/p>\n<p><label> Email c\u00edm*<br \/>\n<span class=\"wpcf7-form-control-wrap\" data-name=\"your-email\"><input size=\"40\" class=\"wpcf7-form-control wpcf7-text wpcf7-email wpcf7-validates-as-required wpcf7-validates-as-email\" aria-required=\"true\" aria-invalid=\"false\" value=\"\" type=\"email\" name=\"your-email\" \/><\/span> <\/label>\n<\/p>\n<p><label> T\u00e1rgy<br \/>\n<span class=\"wpcf7-form-control-wrap\" data-name=\"your-subject\"><input size=\"40\" class=\"wpcf7-form-control wpcf7-text\" aria-invalid=\"false\" value=\"\" type=\"text\" name=\"your-subject\" \/><\/span> <\/label>\n<\/p>\n<p><label> \u00dczenet*<br \/>\n<span class=\"wpcf7-form-control-wrap\" data-name=\"your-message\"><textarea cols=\"40\" rows=\"10\" class=\"wpcf7-form-control wpcf7-textarea wpcf7-validates-as-required\" aria-required=\"true\" aria-invalid=\"false\" name=\"your-message\"><\/textarea><\/span> <\/label>\n<\/p>\n<p><label><span class=\"wpcf7-form-control-wrap\" data-name=\"acceptance-454\"><span class=\"wpcf7-form-control wpcf7-acceptance\"><span class=\"wpcf7-list-item\"><input type=\"checkbox\" name=\"acceptance-454\" value=\"1\" id=\"gdpr-label-1\" aria-invalid=\"false\" \/><\/span><\/span><\/span> Hozz\u00e1j\u00e1rulok adataimnak az <a href=\"https:\/\/nyitvatar.hu\/letavertes\/adatvedelem-adatkezeles\/\" target=\"_blank\">Adatkezel\u00e9si t\u00e1j\u00e9koztat\u00f3ban<\/a> le\u00edrtak szerinti kezel\u00e9s\u00e9hez.<br \/>\n<\/label>\n<\/p>\n<p><input class=\"wpcf7-form-control has-spinner wpcf7-submit\" type=\"submit\" value=\"K\u00fcld\u00e9s\" \/>\n<\/p><div class=\"wpcf7-response-output\" aria-hidden=\"true\"><\/div>\n<\/form>\n<\/div>\n<\/div>\n<\/div>\n","protected":false},"excerpt":{"rendered":"<p>Minden inform\u00e1ci\u00f3t \u00f6r\u00f6mmel v\u00e1runk \u00fczenetben, vagy a (52) 250-289 telefonsz\u00e1mon! Az &#8222;\u00dczenet&#8221; r\u00e9szben okvetlen\u00fcl t\u00fcntesd fel, melyik \u00fczlettel\/szolg\u00e1ltat\u00f3val stb. kapcsolatban \u00edrsz!<\/p>\n","protected":false},"author":1,"featured_media":0,"parent":0,"menu_order":0,"comment_status":"closed","ping_status":"closed","template":"","meta":{"_cbd_carousel_blocks":"[]","ngg_post_thumbnail":0},"yoast_head":"<!-- This site is optimized with the Yoast SEO plugin v20.6 - https:\/\/yoast.com\/wordpress\/plugins\/seo\/ -->\n<title>Kapcsolat &#x1f50e;<\/title>\n<meta name=\"description\" content=\"A L\u00e9tav\u00e9rtes Nyitvat\u00e1r minden l\u00e9tav\u00e9rtesi \u00fczlettel, szolg\u00e1ltat\u00e1ssal kapcsolatos inform\u00e1ci\u00f3t \u00f6r\u00f6mmel v\u00e1r \u00fczenetben, vagy telefonon!\" \/>\n<meta name=\"robots\" content=\"index, follow, max-snippet:-1, max-image-preview:large, max-video-preview:-1\" \/>\n<link rel=\"canonical\" href=\"https:\/\/nyitvatar.hu\/letavertes\/kapcsolat\/\" \/>\n<script type=\"application\/ld+json\" class=\"yoast-schema-graph\">{\"@context\":\"https:\/\/schema.org\",\"@graph\":[{\"@type\":\"WebPage\",\"@id\":\"https:\/\/nyitvatar.hu\/letavertes\/kapcsolat\/\",\"url\":\"https:\/\/nyitvatar.hu\/letavertes\/kapcsolat\/\",\"name\":\"Kapcsolat &#x1f50e;\",\"isPartOf\":{\"@id\":\"https:\/\/nyitvatar.hu\/letavertes\/#website\"},\"datePublished\":\"2017-06-11T16:21:04+00:00\",\"dateModified\":\"2019-05-14T17:04:03+00:00\",\"description\":\"A L\u00e9tav\u00e9rtes Nyitvat\u00e1r minden l\u00e9tav\u00e9rtesi \u00fczlettel, szolg\u00e1ltat\u00e1ssal kapcsolatos inform\u00e1ci\u00f3t \u00f6r\u00f6mmel v\u00e1r \u00fczenetben, vagy telefonon!\",\"breadcrumb\":{\"@id\":\"https:\/\/nyitvatar.hu\/letavertes\/kapcsolat\/#breadcrumb\"},\"inLanguage\":\"hu\",\"potentialAction\":[{\"@type\":\"ReadAction\",\"target\":[\"https:\/\/nyitvatar.hu\/letavertes\/kapcsolat\/\"]}]},{\"@type\":\"BreadcrumbList\",\"@id\":\"https:\/\/nyitvatar.hu\/letavertes\/kapcsolat\/#breadcrumb\",\"itemListElement\":[{\"@type\":\"ListItem\",\"position\":1,\"name\":\"Kezd\u0151lap\",\"item\":\"https:\/\/nyitvatar.hu\/letavertes\/\"},{\"@type\":\"ListItem\",\"position\":2,\"name\":\"Kapcsolat\"}]},{\"@type\":\"WebSite\",\"@id\":\"https:\/\/nyitvatar.hu\/letavertes\/#website\",\"url\":\"https:\/\/nyitvatar.hu\/letavertes\/\",\"name\":\"L\u00e9tav\u00e9rtesi Nyitvat\u00e1r\",\"description\":\"Hol v\u00e1s\u00e1rolhatok? Mi van most nyitva? Boltok, szolg\u00e1ltat\u00e1sok, \u00fcgyint\u00e9z\u00e9s\",\"potentialAction\":[{\"@type\":\"SearchAction\",\"target\":{\"@type\":\"EntryPoint\",\"urlTemplate\":\"https:\/\/nyitvatar.hu\/letavertes\/?s={search_term_string}\"},\"query-input\":\"required name=search_term_string\"}],\"inLanguage\":\"hu\"}]}<\/script>\n<!-- \/ Yoast SEO plugin. -->","yoast_head_json":{"title":"Kapcsolat &#x1f50e;","description":"A L\u00e9tav\u00e9rtes Nyitvat\u00e1r minden l\u00e9tav\u00e9rtesi \u00fczlettel, szolg\u00e1ltat\u00e1ssal kapcsolatos inform\u00e1ci\u00f3t \u00f6r\u00f6mmel v\u00e1r \u00fczenetben, vagy telefonon!","robots":{"index":"index","follow":"follow","max-snippet":"max-snippet:-1","max-image-preview":"max-image-preview:large","max-video-preview":"max-video-preview:-1"},"canonical":"https:\/\/nyitvatar.hu\/letavertes\/kapcsolat\/","schema":{"@context":"https:\/\/schema.org","@graph":[{"@type":"WebPage","@id":"https:\/\/nyitvatar.hu\/letavertes\/kapcsolat\/","url":"https:\/\/nyitvatar.hu\/letavertes\/kapcsolat\/","name":"Kapcsolat &#x1f50e;","isPartOf":{"@id":"https:\/\/nyitvatar.hu\/letavertes\/#website"},"datePublished":"2017-06-11T16:21:04+00:00","dateModified":"2019-05-14T17:04:03+00:00","description":"A L\u00e9tav\u00e9rtes Nyitvat\u00e1r minden l\u00e9tav\u00e9rtesi \u00fczlettel, szolg\u00e1ltat\u00e1ssal kapcsolatos inform\u00e1ci\u00f3t \u00f6r\u00f6mmel v\u00e1r \u00fczenetben, vagy telefonon!","breadcrumb":{"@id":"https:\/\/nyitvatar.hu\/letavertes\/kapcsolat\/#breadcrumb"},"inLanguage":"hu","potentialAction":[{"@type":"ReadAction","target":["https:\/\/nyitvatar.hu\/letavertes\/kapcsolat\/"]}]},{"@type":"BreadcrumbList","@id":"https:\/\/nyitvatar.hu\/letavertes\/kapcsolat\/#breadcrumb","itemListElement":[{"@type":"ListItem","position":1,"name":"Kezd\u0151lap","item":"https:\/\/nyitvatar.hu\/letavertes\/"},{"@type":"ListItem","position":2,"name":"Kapcsolat"}]},{"@type":"WebSite","@id":"https:\/\/nyitvatar.hu\/letavertes\/#website","url":"https:\/\/nyitvatar.hu\/letavertes\/","name":"L\u00e9tav\u00e9rtesi Nyitvat\u00e1r","description":"Hol v\u00e1s\u00e1rolhatok? Mi van most nyitva? Boltok, szolg\u00e1ltat\u00e1sok, \u00fcgyint\u00e9z\u00e9s","potentialAction":[{"@type":"SearchAction","target":{"@type":"EntryPoint","urlTemplate":"https:\/\/nyitvatar.hu\/letavertes\/?s={search_term_string}"},"query-input":"required name=search_term_string"}],"inLanguage":"hu"}]}},"_links":{"self":[{"href":"https:\/\/nyitvatar.hu\/letavertes\/wp-json\/wp\/v2\/pages\/1019"}],"collection":[{"href":"https:\/\/nyitvatar.hu\/letavertes\/wp-json\/wp\/v2\/pages"}],"about":[{"href":"https:\/\/nyitvatar.hu\/letavertes\/wp-json\/wp\/v2\/types\/page"}],"author":[{"embeddable":true,"href":"https:\/\/nyitvatar.hu\/letavertes\/wp-json\/wp\/v2\/users\/1"}],"replies":[{"embeddable":true,"href":"https:\/\/nyitvatar.hu\/letavertes\/wp-json\/wp\/v2\/comments?post=1019"}],"version-history":[{"count":17,"href":"https:\/\/nyitvatar.hu\/letavertes\/wp-json\/wp\/v2\/pages\/1019\/revisions"}],"predecessor-version":[{"id":2845,"href":"https:\/\/nyitvatar.hu\/letavertes\/wp-json\/wp\/v2\/pages\/1019\/revisions\/2845"}],"wp:attachment":[{"href":"https:\/\/nyitvatar.hu\/letavertes\/wp-json\/wp\/v2\/media?parent=1019"}],"curies":[{"name":"wp","href":"https:\/\/api.w.org\/{rel}","templated":true}]}}