{"id":244,"date":"2017-05-11T21:48:06","date_gmt":"2017-05-11T19:48:06","guid":{"rendered":"http:\/\/nyitvatar.hu\/letavertes\/?page_id=244"},"modified":"2019-05-17T17:00:42","modified_gmt":"2019-05-17T17:00:42","slug":"adatvedelem-adatkezeles","status":"publish","type":"page","link":"https:\/\/nyitvatar.hu\/letavertes\/adatvedelem-adatkezeles\/","title":{"rendered":"Adatv\u00e9delem, adatkezel\u00e9s"},"content":{"rendered":"<h3>Email c\u00edmek \u00e9s kapcsol\u00f3d\u00f3 szem\u00e9lyes adatok kezel\u00e9se<\/h3>\n<p>A nyitvatar.hu kiz\u00e1r\u00f3lag az \u00d6n esetleges \u00fczenet\u00e9nek megv\u00e1laszol\u00e1sa c\u00e9lj\u00e1b\u00f3l gy\u0171jt \u00e9s t\u00e1rol email c\u00edm el\u00e9rhet\u0151s\u00e9geket. Ezen k\u00edv\u00fcl nem gy\u0171jt \u00e9s nem t\u00e1rol olyan adatot, amely szem\u00e9lyes adatnak min\u0151s\u00fcl.<br \/>\nAz \u00d6n \u00e1ltal megadott adatokat egy\u00e9b c\u00e9lra nem haszn\u00e1ljuk, \u00e9s harmadik f\u00e9lnek nem adjuk tov\u00e1bb.<!--more--><\/p>\n<h3>Tov\u00e1bbi, azonos\u00edt\u00e1sra k\u00f6zvetve alkalmas adatok kezel\u00e9se<\/h3>\n<p>A honlap m\u0171k\u00f6d\u00e9se sor\u00e1n r\u00f6vid sz\u00f6vegf\u00e1jlokat, \u00fagynevezett cookie-kat helyezhet el az \u00d6n g\u00e9p\u00e9n, amelyhez a honlap els\u0151 felkeres\u00e9sekor az \u00d6n hozz\u00e1j\u00e1rul\u00e1s\u00e1t k\u00e9ri. R\u00e9szletesebb inform\u00e1ci\u00f3k <a href=\"https:\/\/nyitvatar.hu\/letavertes\/cookie-hasznalati-iranyelveink\/\" target=\"_blank\" rel=\"noopener noreferrer\">itt \u00e9rhet\u0151k el<\/a>.<br \/>\nA cookie-k ideiglenesen ker\u00fclnek az \u00d6n k\u00e9sz\u00fcl\u00e9k\u00e9re, \u00e9s kett\u0151s szerepet t\u00f6ltenek be:<br \/>\n1. K\u00f6zrem\u0171k\u00f6dnek a webhely forgalm\u00e1nak m\u00e9r\u00e9s\u00e9ben, \u00e9s nagy t\u00f6megben seg\u00edtenek az \u00e1ltal\u00e1nos felhaszn\u00e1l\u00f3i szok\u00e1sok megismer\u00e9s\u00e9ben, ezen kereszt\u00fcl pedig a honlap technikai \u00e9s tartalmi jobb\u00edt\u00e1s\u00e1ra ny\u00fajtanak lehet\u0151s\u00e9get.<br \/>\n2. Megjegyzik a felhaszn\u00e1l\u00f3 egyes be\u00e1ll\u00edt\u00e1sait, hogy visszat\u00e9rtekor azokat ne kelljen \u00fajra megadnia.<\/p>\n<h3>A honlap megl\u00e1togat\u00e1s\u00e1val egy\u00fctt j\u00e1r\u00f3 tov\u00e1bbi adatkezel\u00e9sek<\/h3>\n<p>A nyitvatar.hu honlap webanalitikai rendszere a Google Analytics. A l\u00e1togat\u00f3i viselked\u00e9sek statisztikai m\u00e9r\u00e9se c\u00e9lj\u00e1b\u00f3l ez az alkalmaz\u00e1s is kezel cookie-t.<br \/>\nA felhaszn\u00e1l\u00f3i tev\u00e9kenys\u00e9g k\u00f6vet\u00e9se \u00e9s a jelen honlaphoz kapcsol\u00f3d\u00f3 tov\u00e1bbi szem\u00e9lyre szabott aj\u00e1nl\u00e1sok tov\u00e1bbi megjelen\u00edt\u00e9se ok\u00e1n a Google AdWords \u00e9s a Facebook rendszere is helyezhet el\/kezelhet cookie-t az \u00d6n sz\u00e1m\u00edt\u00f3g\u00e9p\u00e9n vagy mobil informatikai eszk\u00f6z\u00e9n.<br \/>\nA Google Analytics, illetve a Google AdWords adatkezel\u00e9si gyakorlat\u00e1val <a href=\"http:\/\/www.google.com\/intl\/hu\/policies\/privacy\/partners\/\" target=\"_blank\" rel=\"noopener noreferrer\">itt ismerkedhet meg<\/a>.<br \/>\nA Facebook adatkezel\u00e9si szab\u00e1lyzata pedig <a href=\"https:\/\/www.facebook.com\/about\/privacy\" target=\"_blank\" rel=\"noopener noreferrer\">itt olvashat\u00f3<\/a>.<\/p>\n<p>A cookie-kat \u00d6n b\u00e1rmikor t\u00f6r\u00f6lheti saj\u00e1t informatikai eszk\u00f6z\u00e9r\u0151l, illetve le is tilthatja b\u00f6ng\u00e9sz\u0151j\u00e9ben (Chrome, Firefox, Safari stb.) azok haszn\u00e1lat\u00e1t. Ez \u00e1ltal\u00e1ban a b\u00f6ng\u00e9sz\u0151 men\u00fcj\u00e9ben az Eszk\u00f6z\u00f6k vagy Be\u00e1ll\u00edt\u00e1sok alatt Adatv\u00e9delem, El\u0151zm\u00e9nyek vagy Egy\u00e9ni be\u00e1ll\u00edt\u00e1sok men\u00fcpont alatt keresend\u0151. B\u0151vebb inform\u00e1ci\u00f3 err\u0151l a lehet\u0151s\u00e9gekr\u0151l az adott b\u00f6ng\u00e9sz\u0151 s\u00fag\u00f3j\u00e1ban tal\u00e1lhat\u00f3.<\/p>\n<h3>Szerz\u0151i jogok<\/h3>\n<p>A honlap sz\u00f6veges \u00e9s k\u00e9pi tartalma a szerz\u0151i jogr\u00f3l sz\u00f3l\u00f3 1999. \u00e9vi LXXVI. t\u00f6rv\u00e9ny alapj\u00e1n szerz\u0151i jogv\u00e9delem hat\u00e1lya al\u00e1 esik.<br \/>\nA weboldalon fellelhet\u0151 \u00f6sszes tartalom m\u00e1sol\u00e1sa, ut\u00e1nk\u00f6zl\u00e9se, feldolgoz\u00e1sa kiz\u00e1r\u00f3lag <a href=\"https:\/\/nyitvatar.hu\/letavertes\/impresszum\/\">a honlap tulajdonos\u00e1nak<\/a> el\u0151zetes \u00e9s kifejezett \u00edr\u00e1sbeli enged\u00e9ly\u00e9vel, valamint a forr\u00e1s felt\u00fcntet\u00e9s\u00e9vel lehets\u00e9ges.<\/p>\n","protected":false},"excerpt":{"rendered":"<p>Email c\u00edmek \u00e9s kapcsol\u00f3d\u00f3 szem\u00e9lyes adatok kezel\u00e9se A nyitvatar.hu kiz\u00e1r\u00f3lag az \u00d6n esetleges \u00fczenet\u00e9nek megv\u00e1laszol\u00e1sa c\u00e9lj\u00e1b\u00f3l gy\u0171jt \u00e9s t\u00e1rol email c\u00edm el\u00e9rhet\u0151s\u00e9geket. Ezen k\u00edv\u00fcl nem gy\u0171jt \u00e9s nem t\u00e1rol olyan adatot, amely szem\u00e9lyes adatnak min\u0151s\u00fcl. Az \u00d6n \u00e1ltal megadott adatokat egy\u00e9b c\u00e9lra nem haszn\u00e1ljuk, \u00e9s harmadik f\u00e9lnek nem adjuk tov\u00e1bb.<\/p>\n","protected":false},"author":1,"featured_media":0,"parent":0,"menu_order":0,"comment_status":"closed","ping_status":"closed","template":"","meta":{"_cbd_carousel_blocks":"[]","ngg_post_thumbnail":0},"yoast_head":"<!-- This site is optimized with the Yoast SEO plugin v20.6 - https:\/\/yoast.com\/wordpress\/plugins\/seo\/ -->\n<title>Adatv\u00e9delem, adatkezel\u00e9s &#x1f50e;<\/title>\n<meta name=\"description\" content=\"A L\u00e9tav\u00e9rtesi Nyitvat\u00e1r kiz\u00e1r\u00f3lag a regisztr\u00e1ci\u00f3, bel\u00e9ptet\u00e9s \u00e9s az \u00d6n esetleges \u00fczenet\u00e9nek megv\u00e1laszol\u00e1sa c\u00e9lj\u00e1b\u00f3l gy\u0171jt \u00e9s t\u00e1rol email c\u00edm el\u00e9rhet\u0151s\u00e9geket.\" \/>\n<meta name=\"robots\" content=\"index, follow, max-snippet:-1, max-image-preview:large, max-video-preview:-1\" \/>\n<link rel=\"canonical\" href=\"https:\/\/nyitvatar.hu\/letavertes\/adatvedelem-adatkezeles\/\" \/>\n<meta name=\"twitter:label1\" content=\"Becs\u00fclt olvas\u00e1si id\u0151\" \/>\n\t<meta name=\"twitter:data1\" content=\"3 perc\" \/>\n<script type=\"application\/ld+json\" class=\"yoast-schema-graph\">{\"@context\":\"https:\/\/schema.org\",\"@graph\":[{\"@type\":\"WebPage\",\"@id\":\"https:\/\/nyitvatar.hu\/letavertes\/adatvedelem-adatkezeles\/\",\"url\":\"https:\/\/nyitvatar.hu\/letavertes\/adatvedelem-adatkezeles\/\",\"name\":\"Adatv\u00e9delem, adatkezel\u00e9s &#x1f50e;\",\"isPartOf\":{\"@id\":\"https:\/\/nyitvatar.hu\/letavertes\/#website\"},\"datePublished\":\"2017-05-11T19:48:06+00:00\",\"dateModified\":\"2019-05-17T17:00:42+00:00\",\"description\":\"A L\u00e9tav\u00e9rtesi Nyitvat\u00e1r kiz\u00e1r\u00f3lag a regisztr\u00e1ci\u00f3, bel\u00e9ptet\u00e9s \u00e9s az \u00d6n esetleges \u00fczenet\u00e9nek megv\u00e1laszol\u00e1sa c\u00e9lj\u00e1b\u00f3l gy\u0171jt \u00e9s t\u00e1rol email c\u00edm el\u00e9rhet\u0151s\u00e9geket.\",\"breadcrumb\":{\"@id\":\"https:\/\/nyitvatar.hu\/letavertes\/adatvedelem-adatkezeles\/#breadcrumb\"},\"inLanguage\":\"hu\",\"potentialAction\":[{\"@type\":\"ReadAction\",\"target\":[\"https:\/\/nyitvatar.hu\/letavertes\/adatvedelem-adatkezeles\/\"]}]},{\"@type\":\"BreadcrumbList\",\"@id\":\"https:\/\/nyitvatar.hu\/letavertes\/adatvedelem-adatkezeles\/#breadcrumb\",\"itemListElement\":[{\"@type\":\"ListItem\",\"position\":1,\"name\":\"Kezd\u0151lap\",\"item\":\"https:\/\/nyitvatar.hu\/letavertes\/\"},{\"@type\":\"ListItem\",\"position\":2,\"name\":\"Adatv\u00e9delem, adatkezel\u00e9s\"}]},{\"@type\":\"WebSite\",\"@id\":\"https:\/\/nyitvatar.hu\/letavertes\/#website\",\"url\":\"https:\/\/nyitvatar.hu\/letavertes\/\",\"name\":\"L\u00e9tav\u00e9rtesi Nyitvat\u00e1r\",\"description\":\"Hol v\u00e1s\u00e1rolhatok? Mi van most nyitva? Boltok, szolg\u00e1ltat\u00e1sok, \u00fcgyint\u00e9z\u00e9s\",\"potentialAction\":[{\"@type\":\"SearchAction\",\"target\":{\"@type\":\"EntryPoint\",\"urlTemplate\":\"https:\/\/nyitvatar.hu\/letavertes\/?s={search_term_string}\"},\"query-input\":\"required name=search_term_string\"}],\"inLanguage\":\"hu\"}]}<\/script>\n<!-- \/ Yoast SEO plugin. -->","yoast_head_json":{"title":"Adatv\u00e9delem, adatkezel\u00e9s &#x1f50e;","description":"A L\u00e9tav\u00e9rtesi Nyitvat\u00e1r kiz\u00e1r\u00f3lag a regisztr\u00e1ci\u00f3, bel\u00e9ptet\u00e9s \u00e9s az \u00d6n esetleges \u00fczenet\u00e9nek megv\u00e1laszol\u00e1sa c\u00e9lj\u00e1b\u00f3l gy\u0171jt \u00e9s t\u00e1rol email c\u00edm el\u00e9rhet\u0151s\u00e9geket.","robots":{"index":"index","follow":"follow","max-snippet":"max-snippet:-1","max-image-preview":"max-image-preview:large","max-video-preview":"max-video-preview:-1"},"canonical":"https:\/\/nyitvatar.hu\/letavertes\/adatvedelem-adatkezeles\/","twitter_misc":{"Becs\u00fclt olvas\u00e1si id\u0151":"3 perc"},"schema":{"@context":"https:\/\/schema.org","@graph":[{"@type":"WebPage","@id":"https:\/\/nyitvatar.hu\/letavertes\/adatvedelem-adatkezeles\/","url":"https:\/\/nyitvatar.hu\/letavertes\/adatvedelem-adatkezeles\/","name":"Adatv\u00e9delem, adatkezel\u00e9s &#x1f50e;","isPartOf":{"@id":"https:\/\/nyitvatar.hu\/letavertes\/#website"},"datePublished":"2017-05-11T19:48:06+00:00","dateModified":"2019-05-17T17:00:42+00:00","description":"A L\u00e9tav\u00e9rtesi Nyitvat\u00e1r kiz\u00e1r\u00f3lag a regisztr\u00e1ci\u00f3, bel\u00e9ptet\u00e9s \u00e9s az \u00d6n esetleges \u00fczenet\u00e9nek megv\u00e1laszol\u00e1sa c\u00e9lj\u00e1b\u00f3l gy\u0171jt \u00e9s t\u00e1rol email c\u00edm el\u00e9rhet\u0151s\u00e9geket.","breadcrumb":{"@id":"https:\/\/nyitvatar.hu\/letavertes\/adatvedelem-adatkezeles\/#breadcrumb"},"inLanguage":"hu","potentialAction":[{"@type":"ReadAction","target":["https:\/\/nyitvatar.hu\/letavertes\/adatvedelem-adatkezeles\/"]}]},{"@type":"BreadcrumbList","@id":"https:\/\/nyitvatar.hu\/letavertes\/adatvedelem-adatkezeles\/#breadcrumb","itemListElement":[{"@type":"ListItem","position":1,"name":"Kezd\u0151lap","item":"https:\/\/nyitvatar.hu\/letavertes\/"},{"@type":"ListItem","position":2,"name":"Adatv\u00e9delem, adatkezel\u00e9s"}]},{"@type":"WebSite","@id":"https:\/\/nyitvatar.hu\/letavertes\/#website","url":"https:\/\/nyitvatar.hu\/letavertes\/","name":"L\u00e9tav\u00e9rtesi Nyitvat\u00e1r","description":"Hol v\u00e1s\u00e1rolhatok? Mi van most nyitva? Boltok, szolg\u00e1ltat\u00e1sok, \u00fcgyint\u00e9z\u00e9s","potentialAction":[{"@type":"SearchAction","target":{"@type":"EntryPoint","urlTemplate":"https:\/\/nyitvatar.hu\/letavertes\/?s={search_term_string}"},"query-input":"required name=search_term_string"}],"inLanguage":"hu"}]}},"_links":{"self":[{"href":"https:\/\/nyitvatar.hu\/letavertes\/wp-json\/wp\/v2\/pages\/244"}],"collection":[{"href":"https:\/\/nyitvatar.hu\/letavertes\/wp-json\/wp\/v2\/pages"}],"about":[{"href":"https:\/\/nyitvatar.hu\/letavertes\/wp-json\/wp\/v2\/types\/page"}],"author":[{"embeddable":true,"href":"https:\/\/nyitvatar.hu\/letavertes\/wp-json\/wp\/v2\/users\/1"}],"replies":[{"embeddable":true,"href":"https:\/\/nyitvatar.hu\/letavertes\/wp-json\/wp\/v2\/comments?post=244"}],"version-history":[{"count":4,"href":"https:\/\/nyitvatar.hu\/letavertes\/wp-json\/wp\/v2\/pages\/244\/revisions"}],"predecessor-version":[{"id":2855,"href":"https:\/\/nyitvatar.hu\/letavertes\/wp-json\/wp\/v2\/pages\/244\/revisions\/2855"}],"wp:attachment":[{"href":"https:\/\/nyitvatar.hu\/letavertes\/wp-json\/wp\/v2\/media?parent=244"}],"curies":[{"name":"wp","href":"https:\/\/api.w.org\/{rel}","templated":true}]}}