{"id":7,"date":"2017-05-09T21:07:49","date_gmt":"2017-05-09T20:07:49","guid":{"rendered":"http:\/\/nyitvatar.hu\/letavertes\/?page_id=7"},"modified":"2023-12-12T09:28:42","modified_gmt":"2023-12-12T08:28:42","slug":"letavertes-terkep","status":"publish","type":"page","link":"https:\/\/nyitvatar.hu\/letavertes\/letavertes-terkep\/","title":{"rendered":"A l\u00e9tav\u00e9rtesi \u00fczletek nyitvatart\u00e1sa t\u00e9rk\u00e9pen"},"content":{"rendered":"<div class=\"cn-hirdetes\">\n<div class=\"hirdetes-tabla\">\n<p><img decoding=\"async\" title=\"H\u00e1l\u00f3szem Online Marketing\" src=\"https:\/\/nyitvatar.hu\/letavertes\/wp-content\/uploads\/2018\/02\/logo-new-600x600.jpg\" alt=\"H\u00e1l\u00f3szem Online Marketing\"> <strong>Nincs weboldalad, jav\u00edttatn\u00e1d vagy \u00fajat szeretn\u00e9l?<\/strong><br \/>\nSeg\u00edt\u00fcnk!<br \/>\n\u00cdrj <style type=\"text\/css\">.sg-popup-overlay-10,\n\t\t\t\t\t.sg-popup-content-10 {\n\t\t\t\t\t\tz-index: 9999 !important;\n\t\t\t\t\t}\n\t\t\t\t\t#sg-popup-content-wrapper-10 {\n\t\t\t\t\t\tpadding: 0px !important;\n\t\t\t\t\t}<\/style><script type='text\/javascript'>SG_POPUP_DATA[10] ={\"id\":\"10\",\"title\":\"Weboldalk\u00e9sz\u00edt\u00e9s\",\"type\":\"shortcode\",\"effect\":\"sgpb-bounceInRight\",\"0\":\"width\",\"1\":\"400px\",\"height\":\"\",\"delay\":0,\"duration\":1,\"2\":\"initialWidth\",\"3\":\"300\",\"initialHeight\":\"100\",\"width\":\"400px\",\"buttonDelayValue\":0,\"escKey\":\"on\",\"isActiveStatus\":\"on\",\"scrolling\":\"on\",\"disable-page-scrolling\":\"on\",\"scaling\":\"on\",\"reposition\":\"on\",\"overlayClose\":\"on\",\"reopenAfterSubmission\":\"\",\"contentClick\":\"\",\"content-click-behavior\":\"close\",\"click-redirect-to-url\":\"\",\"redirect-to-new-tab\":\"\",\"opacity\":\"0.8\",\"popup-background-opacity\":\"1\",\"sgOverlayColor\":\"\",\"sg-content-background-color\":\"\",\"popupFixed\":\"on\",\"fixedPostion\":\"5\",\"popup-dimension-mode\":\"customMode\",\"popup-responsive-dimension-measure\":\"auto\",\"maxWidth\":\"\",\"maxHeight\":\"\",\"initialWidth\":\"300\",\"closeButton\":\"on\",\"theme\":\"colorbox6.css\",\"sgTheme3BorderColor\":\"\",\"sgTheme3BorderRadius\":\"0\",\"onScrolling\":\"\",\"inActivityStatus\":\"\",\"inactivity-timout\":\"0\",\"beforeScrolingPrsent\":0,\"forMobile\":\"\",\"openMobile\":\"\",\"repeatPopup\":\"\",\"popup-appear-number-limit\":\"1\",\"save-cookie-page-level\":\"\",\"autoClosePopup\":\"\",\"countryStatus\":\"\",\"showAllPages\":\"selected\",\"allPagesStatus\":\"\",\"allPostsStatus\":\"\",\"allCustomPostsStatus\":\"\",\"allSelectedPages\":[\"246\"],\"showAllPosts\":\"all\",\"showAllCustomPosts\":\"all\",\"allSelectedPosts\":\"\",\"allSelectedCustomPosts\":\"\",\"posts-all-categories\":\"\",\"all-custom-posts\":\"\",\"sg-user-status\":\"\",\"loggedin-user\":\"true\",\"popup-timer-status\":\"\",\"popup-schedule-status\":\"\",\"popup-start-timer\":\"Mar 20 18 13:58\",\"popup-finish-timer\":\"\",\"schedule-start-weeks\":\"\",\"schedule-start-time\":\"13:58\",\"schedule-end-time\":\"\",\"allowCountries\":\"allow\",\"countryName\":\"\",\"countryIso\":\"\",\"disablePopup\":\"\",\"disablePopupOverlay\":\"\",\"popupClosingTimer\":\"\",\"yesButtonLabel\":\"\",\"noButtonLabel\":\"\",\"restrictionUrl\":\"\",\"yesButtonBackgroundColor\":\"\",\"noButtonBackgroundColor\":\"\",\"yesButtonTextColor\":\"\",\"noButtonTextColor\":\"\",\"yesButtonRadius\":0,\"noButtonRadius\":0,\"sgRestrictionExpirationTime\":0,\"restrictionCookeSavingLevel\":\"\",\"pushToBottom\":\"\",\"onceExpiresTime\":\"7\",\"sgOverlayCustomClasss\":\"sg-popup-overlay\",\"sgContentCustomClasss\":\"sg-popup-content\",\"popup-z-index\":\"9999\",\"popup-content-padding\":\"0\",\"theme-close-text\":\"Close\",\"socialButtons\":\"{\\u0022sgTwitterStatus\\u0022:\\u0022\\u0022,\\u0022sgFbStatus\\u0022:\\u0022\\u0022,\\u0022sgEmailStatus\\u0022:\\u0022\\u0022,\\u0022sgLinkedinStatus\\u0022:\\u0022\\u0022,\\u0022sgGoogleStatus\\u0022:\\u0022\\u0022,\\u0022sgPinterestStatus\\u0022:\\u0022\\u0022,\\u0022pushToBottom\\u0022:\\u0022\\u0022}\",\"socialOptions\":\"{\\u0022sgSocialTheme\\u0022:\\u0022\\u0022,\\u0022sgSocialButtonsSize\\u0022:\\u0022\\u0022,\\u0022sgSocialLabel\\u0022:\\u0022\\u0022,\\u0022sgSocialShareCount\\u0022:\\u0022\\u0022,\\u0022sgRoundButton\\u0022:\\u0022\\u0022,\\u0022fbShareLabel\\u0022:\\u0022\\u0022,\\u0022lindkinLabel\\u0022:\\u0022\\u0022,\\u0022sgShareUrl\\u0022:null,\\u0022shareUrlType\\u0022:\\u0022\\u0022,\\u0022googLelabel\\u0022:\\u0022\\u0022,\\u0022twitterLabel\\u0022:\\u0022\\u0022,\\u0022pinterestLabel\\u0022:\\u0022\\u0022,\\u0022sgMailSubject\\u0022:\\u0022\\u0022,\\u0022sgMailLable\\u0022:\\u0022\\u0022}\",\"countdownOptions\":\"{\\u0022pushToBottom\\u0022:\\u0022\\u0022,\\u0022countdownNumbersBgColor\\u0022:\\u0022\\u0022,\\u0022countdownNumbersTextColor\\u0022:\\u0022\\u0022,\\u0022sg-due-date\\u0022:\\u0022\\u0022,\\u0022countdown-position\\u0022:\\u0022\\u0022,\\u0022counts-language\\u0022:\\u0022\\u0022,\\u0022sg-time-zone\\u0022:\\u0022\\u0022,\\u0022sg-countdown-type\\u0022:\\u0022\\u0022,\\u0022countdown-autoclose\\u0022:\\u0022\\u0022}\",\"exitIntentOptions\":\"{\\u0022exit-intent-type\\u0022:\\u0022\\u0022,\\u0022exit-intent-expire-time\\u0022:\\u0022\\u0022,\\u0022exit-intent-alert\\u0022:\\u0022\\u0022}\",\"videoOptions\":\"{\\u0022video-autoplay\\u0022:\\u0022\\u0022}\",\"fblikeOptions\":\"{\\u0022fblike-like-url\\u0022:null,\\u0022fblike-layout\\u0022:\\u0022\\u0022,\\u0022fblike-dont-show-share-button\\u0022:\\u0022\\u0022,\\u0022fblike-close-popup-after-like\\u0022:\\u0022\\u0022}\",\"repetitivePopup\":\"\",\"repetitivePopupPeriod\":\"60\",\"randomPopup\":\"\",\"popupOpenSound\":\"\",\"popupOpenSoundFile\":\"http:\\\/\\\/nyitvatar.hu\\\/letavertes\\\/wp-content\\\/plugins\\\/popup-builder-platinum\\\/files\\\/lib\\\/popupOpenSound.wav\",\"popupContentBgImage\":\"\",\"popupContentBgImageUrl\":\"\",\"popupContentBackgroundSize\":\"cover\",\"popupContentBackgroundRepeat\":\"no-repeat\",\"html\":\"\\n\\u003Cdiv class=\\u0022wpcf7 no-js\\u0022 id=\\u0022wpcf7-f271-o1\\u0022 lang=\\u0022hu-HU\\u0022 dir=\\u0022ltr\\u0022\\u003E\\n\\u003Cdiv class=\\u0022screen-reader-response\\u0022\\u003E\\u003Cp role=\\u0022status\\u0022 aria-live=\\u0022polite\\u0022 aria-atomic=\\u0022true\\u0022\\u003E\\u003C\\\/p\\u003E \\u003Cul\\u003E\\u003C\\\/ul\\u003E\\u003C\\\/div\\u003E\\n\\u003Cform action=\\u0022\\\/letavertes\\\/wp-json\\\/wp\\\/v2\\\/pages\\\/7#wpcf7-f271-o1\\u0022 method=\\u0022post\\u0022 class=\\u0022wpcf7-form init\\u0022 aria-label=\\u0022Kapcsolatfelv\u00e9teli \u0171rlap\\u0022 novalidate=\\u0022novalidate\\u0022 data-status=\\u0022init\\u0022\\u003E\\n\\u003Cdiv style=\\u0022display: none;\\u0022\\u003E\\n\\u003Cinput type=\\u0022hidden\\u0022 name=\\u0022_wpcf7\\u0022 value=\\u0022271\\u0022 \\\/\\u003E\\n\\u003Cinput type=\\u0022hidden\\u0022 name=\\u0022_wpcf7_version\\u0022 value=\\u00225.7.6\\u0022 \\\/\\u003E\\n\\u003Cinput type=\\u0022hidden\\u0022 name=\\u0022_wpcf7_locale\\u0022 value=\\u0022hu_HU\\u0022 \\\/\\u003E\\n\\u003Cinput type=\\u0022hidden\\u0022 name=\\u0022_wpcf7_unit_tag\\u0022 value=\\u0022wpcf7-f271-o1\\u0022 \\\/\\u003E\\n\\u003Cinput type=\\u0022hidden\\u0022 name=\\u0022_wpcf7_container_post\\u0022 value=\\u00220\\u0022 \\\/\\u003E\\n\\u003Cinput type=\\u0022hidden\\u0022 name=\\u0022_wpcf7_posted_data_hash\\u0022 value=\\u0022\\u0022 \\\/\\u003E\\n\\u003C\\\/div\\u003E\\n\\u003Cp\\u003E\\u003Clabel\\u003E N\u00e9v (k\u00f6telez\u0151)\\u003Cbr \\\/\\u003E\\n\\u003Cspan class=\\u0022wpcf7-form-control-wrap\\u0022 data-name=\\u0022your-name\\u0022\\u003E\\u003Cinput size=\\u002240\\u0022 class=\\u0022wpcf7-form-control wpcf7-text wpcf7-validates-as-required\\u0022 aria-required=\\u0022true\\u0022 aria-invalid=\\u0022false\\u0022 value=\\u0022\\u0022 type=\\u0022text\\u0022 name=\\u0022your-name\\u0022 \\\/\\u003E\\u003C\\\/span\\u003E \\u003C\\\/label\\u003E\\n\\u003C\\\/p\\u003E\\n\\u003Cp\\u003E\\u003Clabel\\u003E Email c\u00edm (k\u00f6telez\u0151)\\u003Cbr \\\/\\u003E\\n\\u003Cspan class=\\u0022wpcf7-form-control-wrap\\u0022 data-name=\\u0022your-email\\u0022\\u003E\\u003Cinput size=\\u002240\\u0022 class=\\u0022wpcf7-form-control wpcf7-text wpcf7-email wpcf7-validates-as-required wpcf7-validates-as-email\\u0022 aria-required=\\u0022true\\u0022 aria-invalid=\\u0022false\\u0022 value=\\u0022\\u0022 type=\\u0022email\\u0022 name=\\u0022your-email\\u0022 \\\/\\u003E\\u003C\\\/span\\u003E \\u003C\\\/label\\u003E\\n\\u003C\\\/p\\u003E\\n\\u003Cp\\u003E\\u003Clabel\\u003E Telefon\\u003Cbr \\\/\\u003E\\n\\u003Cspan class=\\u0022wpcf7-form-control-wrap\\u0022 data-name=\\u0022tel-933\\u0022\\u003E\\u003Cinput size=\\u002240\\u0022 class=\\u0022wpcf7-form-control wpcf7-text wpcf7-tel wpcf7-validates-as-tel\\u0022 id=\\u0022form-tel\\u0022 aria-invalid=\\u0022false\\u0022 value=\\u0022\\u0022 type=\\u0022tel\\u0022 name=\\u0022tel-933\\u0022 \\\/\\u003E\\u003C\\\/span\\u003E \\u003C\\\/label\\u003E\\n\\u003C\\\/p\\u003E\\n\\u003Cp\\u003E\\u003Clabel\\u003E Weboldal\\u003Cbr \\\/\\u003E\\n\\u003Cspan class=\\u0022wpcf7-form-control-wrap\\u0022 data-name=\\u0022url-993\\u0022\\u003E\\u003Cinput size=\\u002240\\u0022 class=\\u0022wpcf7-form-control wpcf7-text wpcf7-url wpcf7-validates-as-url\\u0022 id=\\u0022form-honlap\\u0022 aria-invalid=\\u0022false\\u0022 value=\\u0022\\u0022 type=\\u0022url\\u0022 name=\\u0022url-993\\u0022 \\\/\\u003E\\u003C\\\/span\\u003E \\u003C\\\/label\\u003E\\n\\u003C\\\/p\\u003E\\n\\u003Cp\\u003E\\u003Clabel\\u003E T\u00e1rgy\\u003Cbr \\\/\\u003E\\n\\u003Cspan class=\\u0022wpcf7-form-control-wrap\\u0022 data-name=\\u0022your-subject\\u0022\\u003E\\u003Cinput size=\\u002240\\u0022 class=\\u0022wpcf7-form-control wpcf7-text\\u0022 aria-invalid=\\u0022false\\u0022 value=\\u0022\\u0022 type=\\u0022text\\u0022 name=\\u0022your-subject\\u0022 \\\/\\u003E\\u003C\\\/span\\u003E \\u003C\\\/label\\u003E\\n\\u003C\\\/p\\u003E\\n\\u003Cp\\u003E\\u003Clabel\\u003E \u00dczenet\\u003Cbr \\\/\\u003E\\n\\u003Cspan class=\\u0022wpcf7-form-control-wrap\\u0022 data-name=\\u0022your-message\\u0022\\u003E\\u003Ctextarea cols=\\u002240\\u0022 rows=\\u002210\\u0022 class=\\u0022wpcf7-form-control wpcf7-textarea\\u0022 aria-invalid=\\u0022false\\u0022 name=\\u0022your-message\\u0022\\u003E\\u003C\\\/textarea\\u003E\\u003C\\\/span\\u003E \\u003C\\\/label\\u003E\\n\\u003C\\\/p\\u003E\\n\\u003Cp\\u003E\\u003Clabel\\u003E\\u003Cspan class=\\u0022wpcf7-form-control-wrap\\u0022 data-name=\\u0022acceptance-454\\u0022\\u003E\\u003Cspan class=\\u0022wpcf7-form-control wpcf7-acceptance\\u0022\\u003E\\u003Cspan class=\\u0022wpcf7-list-item\\u0022\\u003E\\u003Cinput type=\\u0022checkbox\\u0022 name=\\u0022acceptance-454\\u0022 value=\\u00221\\u0022 id=\\u0022gdpr-label-1\\u0022 aria-invalid=\\u0022false\\u0022 \\\/\\u003E\\u003C\\\/span\\u003E\\u003C\\\/span\\u003E\\u003C\\\/span\\u003E Hozz\u00e1j\u00e1rulok adataimnak az \\u003Ca href=\\u0022https:\\\/\\\/nyitvatar.hu\\\/letavertes\\\/adatvedelem-adatkezeles\\\/\\u0022 target=\\u0022_blank\\u0022\\u003EAdatkezel\u00e9si t\u00e1j\u00e9koztat\u00f3ban\\u003C\\\/a\\u003E le\u00edrtak szerinti kezel\u00e9s\u00e9hez.\\u003Cbr \\\/\\u003E\\n\\u003C\\\/label\\u003E\\n\\u003C\\\/p\\u003E\\n\\u003Cp\\u003E\\u003Cinput class=\\u0022wpcf7-form-control has-spinner wpcf7-submit\\u0022 type=\\u0022submit\\u0022 value=\\u0022K\u00fcld\u00e9s\\u0022 \\\/\\u003E\\n\\u003C\\\/p\\u003E\\u003Cdiv class=\\u0022wpcf7-response-output\\u0022 aria-hidden=\\u0022true\\u0022\\u003E\\u003C\\\/div\\u003E\\n\\u003C\\\/form\\u003E\\n\\u003C\\\/div\\u003E\\n\",\"customEvent\":\"0\"};<\/script><a href='javascript:void(0)' class='sg-show-popup' data-sgpopupid=10  data-popup-event=click>\u00fczenetet<\/a> \u00e9s felvessz\u00fck veled a kapcsolatot!<\/p>\n<p class=\"\">Kolos Tibor \u00e9s a <a href=\"https:\/\/dizajnexpressz.hu\/\">Diz\u00e1jnexpressz.hu<\/a><\/p>\n<\/div>\n<\/div>\n<h3>Miel\u0151tt f\u00f6l\u00f6slegesen induln\u00e1l el L\u00e9tav\u00e9rtesen<\/h3>\n<ol>\n<li>V\u00e1lassz az \u00fczletek, int\u00e9zm\u00e9nyek kateg\u00f3ri\u00e1i k\u00f6z\u00fcl, melyek a t\u00e9rk\u00e9p jobb fels\u0151 sark\u00e1ban l\u00e1that\u00f3 ikon alatt rejt\u0151znek!<br \/>\nEgyszerre t\u00f6bbet is bejel\u00f6lhetsz.<\/li>\n<li>Klikkelj a t\u00e9rk\u00e9pen megjelen\u0151 kis ikonokra, hogy megn\u00e9zhesd a r\u00e9szletes inform\u00e1ci\u00f3kat!<\/li>\n<li>N\u00e9zd meg, hogy nyitva van-e az, ahov\u00e1 igyekszel!<\/li>\n<\/ol>\n<p><!--more--><\/p>\n<p>L\u00e9tav\u00e9rtes t\u00e9rk\u00e9pe alatt megjelenik a kiv\u00e1lasztott kateg\u00f3ri\u00e1khoz tartoz\u00f3 boltok, int\u00e9zm\u00e9nyek list\u00e1ja is.<br \/>\nAmelyik \u00fczlet nev\u00e9re kattintasz, azt a t\u00e9rk\u00e9p azonnal megmutatja Neked.<br \/>\n<div class=\"eds-animate edsanimate-sis-hidden piros-nyil-2\" data-eds-entry-animation=\"bounceInUp\" data-eds-entry-delay=\"0\" data-eds-entry-duration=\"2\" data-eds-entry-timing=\"linear\" data-eds-exit-animation=\"\" data-eds-exit-delay=\"\" data-eds-exit-duration=\"\" data-eds-exit-timing=\"\" data-eds-repeat-count=\"1\" data-eds-keep=\"yes\" data-eds-animate-on=\"scroll\" data-eds-scroll-offset=\"75\"><img decoding=\"async\" loading=\"lazy\" class=\"alignright size-full\" src=\"https:\/\/nyitvatar.hu\/letavertes\/wp-content\/uploads\/2017\/05\/piros-nyil2.png\" alt=\"V\u00e1lassz!\" width=\"46\" height=\"47\"><\/div><\/p>\n<p><strong>T\u00e9rk\u00e9p helyett r\u00e9szletes list\u00e1b\u00f3l v\u00e1lasztan\u00e1l?<\/strong><\/p>\n<p>Akkor <a href=\"https:\/\/nyitvatar.hu\/letavertes\/uzletek-listaja\/\">kattints ide!<\/a><br \/>\n(Ott a k\u00e1rty\u00e1kon szerepl\u0151 nevekre klikkelve tov\u00e1bbi inform\u00e1ci\u00f3kat tal\u00e1lsz.)<\/p>\n<p>[mapsmarker layer=&#8221;3&#8243;]<\/p>\n","protected":false},"excerpt":{"rendered":"<p>Nincs weboldalad, jav\u00edttatn\u00e1d vagy \u00fajat szeretn\u00e9l? Seg\u00edt\u00fcnk! \u00cdrj \u00e9s felvessz\u00fck veled a kapcsolatot! Kolos Tibor \u00e9s a Diz\u00e1jnexpressz.hu Miel\u0151tt f\u00f6l\u00f6slegesen induln\u00e1l el L\u00e9tav\u00e9rtesen V\u00e1lassz az \u00fczletek, int\u00e9zm\u00e9nyek kateg\u00f3ri\u00e1i k\u00f6z\u00fcl, melyek a t\u00e9rk\u00e9p jobb fels\u0151 sark\u00e1ban l\u00e1that\u00f3 ikon alatt rejt\u0151znek! Egyszerre t\u00f6bbet is bejel\u00f6lhetsz. Klikkelj a t\u00e9rk\u00e9pen megjelen\u0151 kis ikonokra, hogy megn\u00e9zhesd a r\u00e9szletes inform\u00e1ci\u00f3kat! N\u00e9zd [&hellip;]<\/p>\n","protected":false},"author":1,"featured_media":0,"parent":0,"menu_order":0,"comment_status":"closed","ping_status":"closed","template":"","meta":{"_cbd_carousel_blocks":"[]","ngg_post_thumbnail":0},"yoast_head":"<!-- This site is optimized with the Yoast SEO plugin v20.6 - https:\/\/yoast.com\/wordpress\/plugins\/seo\/ -->\n<title>A l\u00e9tav\u00e9rtesi \u00fczletek nyitvatart\u00e1sa t\u00e9rk\u00e9pen 2017\/2020 ?<\/title>\n<meta name=\"description\" content=\"L\u00e9tav\u00e9rtesi \u00fczletek, szolg\u00e1ltat\u00f3k nyitvatart\u00e1sa, c\u00edme t\u00e9rk\u00e9pes, kereshet\u0151 form\u00e1ban. Kattints \u00e9s n\u00e9zd meg, hol tal\u00e1lod meg azt, amire sz\u00fcks\u00e9ged van!\" \/>\n<meta name=\"robots\" content=\"index, follow, max-snippet:-1, max-image-preview:large, max-video-preview:-1\" \/>\n<link rel=\"canonical\" href=\"https:\/\/nyitvatar.hu\/letavertes\/letavertes-terkep\/\" \/>\n<meta name=\"twitter:label1\" content=\"Becs\u00fclt olvas\u00e1si id\u0151\" \/>\n\t<meta name=\"twitter:data1\" content=\"2 perc\" \/>\n<script type=\"application\/ld+json\" class=\"yoast-schema-graph\">{\"@context\":\"https:\/\/schema.org\",\"@graph\":[{\"@type\":\"WebPage\",\"@id\":\"https:\/\/nyitvatar.hu\/letavertes\/letavertes-terkep\/\",\"url\":\"https:\/\/nyitvatar.hu\/letavertes\/letavertes-terkep\/\",\"name\":\"A l\u00e9tav\u00e9rtesi \u00fczletek nyitvatart\u00e1sa t\u00e9rk\u00e9pen 2017\/2020 ?\",\"isPartOf\":{\"@id\":\"https:\/\/nyitvatar.hu\/letavertes\/#website\"},\"datePublished\":\"2017-05-09T20:07:49+00:00\",\"dateModified\":\"2023-12-12T08:28:42+00:00\",\"description\":\"L\u00e9tav\u00e9rtesi \u00fczletek, szolg\u00e1ltat\u00f3k nyitvatart\u00e1sa, c\u00edme t\u00e9rk\u00e9pes, kereshet\u0151 form\u00e1ban. Kattints \u00e9s n\u00e9zd meg, hol tal\u00e1lod meg azt, amire sz\u00fcks\u00e9ged van!\",\"breadcrumb\":{\"@id\":\"https:\/\/nyitvatar.hu\/letavertes\/letavertes-terkep\/#breadcrumb\"},\"inLanguage\":\"hu\",\"potentialAction\":[{\"@type\":\"ReadAction\",\"target\":[\"https:\/\/nyitvatar.hu\/letavertes\/letavertes-terkep\/\"]}]},{\"@type\":\"BreadcrumbList\",\"@id\":\"https:\/\/nyitvatar.hu\/letavertes\/letavertes-terkep\/#breadcrumb\",\"itemListElement\":[{\"@type\":\"ListItem\",\"position\":1,\"name\":\"Kezd\u0151lap\",\"item\":\"https:\/\/nyitvatar.hu\/letavertes\/\"},{\"@type\":\"ListItem\",\"position\":2,\"name\":\"A l\u00e9tav\u00e9rtesi \u00fczletek nyitvatart\u00e1sa t\u00e9rk\u00e9pen\"}]},{\"@type\":\"WebSite\",\"@id\":\"https:\/\/nyitvatar.hu\/letavertes\/#website\",\"url\":\"https:\/\/nyitvatar.hu\/letavertes\/\",\"name\":\"L\u00e9tav\u00e9rtesi Nyitvat\u00e1r\",\"description\":\"Hol v\u00e1s\u00e1rolhatok? Mi van most nyitva? Boltok, szolg\u00e1ltat\u00e1sok, \u00fcgyint\u00e9z\u00e9s\",\"potentialAction\":[{\"@type\":\"SearchAction\",\"target\":{\"@type\":\"EntryPoint\",\"urlTemplate\":\"https:\/\/nyitvatar.hu\/letavertes\/?s={search_term_string}\"},\"query-input\":\"required name=search_term_string\"}],\"inLanguage\":\"hu\"}]}<\/script>\n<!-- \/ Yoast SEO plugin. -->","yoast_head_json":{"title":"A l\u00e9tav\u00e9rtesi \u00fczletek nyitvatart\u00e1sa t\u00e9rk\u00e9pen 2017\/2020 ?","description":"L\u00e9tav\u00e9rtesi \u00fczletek, szolg\u00e1ltat\u00f3k nyitvatart\u00e1sa, c\u00edme t\u00e9rk\u00e9pes, kereshet\u0151 form\u00e1ban. Kattints \u00e9s n\u00e9zd meg, hol tal\u00e1lod meg azt, amire sz\u00fcks\u00e9ged van!","robots":{"index":"index","follow":"follow","max-snippet":"max-snippet:-1","max-image-preview":"max-image-preview:large","max-video-preview":"max-video-preview:-1"},"canonical":"https:\/\/nyitvatar.hu\/letavertes\/letavertes-terkep\/","twitter_misc":{"Becs\u00fclt olvas\u00e1si id\u0151":"2 perc"},"schema":{"@context":"https:\/\/schema.org","@graph":[{"@type":"WebPage","@id":"https:\/\/nyitvatar.hu\/letavertes\/letavertes-terkep\/","url":"https:\/\/nyitvatar.hu\/letavertes\/letavertes-terkep\/","name":"A l\u00e9tav\u00e9rtesi \u00fczletek nyitvatart\u00e1sa t\u00e9rk\u00e9pen 2017\/2020 ?","isPartOf":{"@id":"https:\/\/nyitvatar.hu\/letavertes\/#website"},"datePublished":"2017-05-09T20:07:49+00:00","dateModified":"2023-12-12T08:28:42+00:00","description":"L\u00e9tav\u00e9rtesi \u00fczletek, szolg\u00e1ltat\u00f3k nyitvatart\u00e1sa, c\u00edme t\u00e9rk\u00e9pes, kereshet\u0151 form\u00e1ban. Kattints \u00e9s n\u00e9zd meg, hol tal\u00e1lod meg azt, amire sz\u00fcks\u00e9ged van!","breadcrumb":{"@id":"https:\/\/nyitvatar.hu\/letavertes\/letavertes-terkep\/#breadcrumb"},"inLanguage":"hu","potentialAction":[{"@type":"ReadAction","target":["https:\/\/nyitvatar.hu\/letavertes\/letavertes-terkep\/"]}]},{"@type":"BreadcrumbList","@id":"https:\/\/nyitvatar.hu\/letavertes\/letavertes-terkep\/#breadcrumb","itemListElement":[{"@type":"ListItem","position":1,"name":"Kezd\u0151lap","item":"https:\/\/nyitvatar.hu\/letavertes\/"},{"@type":"ListItem","position":2,"name":"A l\u00e9tav\u00e9rtesi \u00fczletek nyitvatart\u00e1sa t\u00e9rk\u00e9pen"}]},{"@type":"WebSite","@id":"https:\/\/nyitvatar.hu\/letavertes\/#website","url":"https:\/\/nyitvatar.hu\/letavertes\/","name":"L\u00e9tav\u00e9rtesi Nyitvat\u00e1r","description":"Hol v\u00e1s\u00e1rolhatok? Mi van most nyitva? Boltok, szolg\u00e1ltat\u00e1sok, \u00fcgyint\u00e9z\u00e9s","potentialAction":[{"@type":"SearchAction","target":{"@type":"EntryPoint","urlTemplate":"https:\/\/nyitvatar.hu\/letavertes\/?s={search_term_string}"},"query-input":"required name=search_term_string"}],"inLanguage":"hu"}]}},"_links":{"self":[{"href":"https:\/\/nyitvatar.hu\/letavertes\/wp-json\/wp\/v2\/pages\/7"}],"collection":[{"href":"https:\/\/nyitvatar.hu\/letavertes\/wp-json\/wp\/v2\/pages"}],"about":[{"href":"https:\/\/nyitvatar.hu\/letavertes\/wp-json\/wp\/v2\/types\/page"}],"author":[{"embeddable":true,"href":"https:\/\/nyitvatar.hu\/letavertes\/wp-json\/wp\/v2\/users\/1"}],"replies":[{"embeddable":true,"href":"https:\/\/nyitvatar.hu\/letavertes\/wp-json\/wp\/v2\/comments?post=7"}],"version-history":[{"count":61,"href":"https:\/\/nyitvatar.hu\/letavertes\/wp-json\/wp\/v2\/pages\/7\/revisions"}],"predecessor-version":[{"id":2999,"href":"https:\/\/nyitvatar.hu\/letavertes\/wp-json\/wp\/v2\/pages\/7\/revisions\/2999"}],"wp:attachment":[{"href":"https:\/\/nyitvatar.hu\/letavertes\/wp-json\/wp\/v2\/media?parent=7"}],"curies":[{"name":"wp","href":"https:\/\/api.w.org\/{rel}","templated":true}]}}